{"id":5009,"date":"2024-04-11T16:53:31","date_gmt":"2024-04-11T16:53:31","guid":{"rendered":"https:\/\/printdepot-ca.com\/?post_type=product&#038;p=5009"},"modified":"2025-01-14T16:17:33","modified_gmt":"2025-01-14T16:17:33","slug":"impresora-de-etiquetas-icolor-250","status":"publish","type":"product","link":"https:\/\/printdepot-ca.com\/?product=impresora-de-etiquetas-icolor-250","title":{"rendered":"IMPRESORA DE ETIQUETAS ICOLOR 250"},"content":{"rendered":"<p><a href=\"http:\/\/printdepot-ca.com\/wp-content\/uploads\/2024\/04\/FICHA-TECNICA-I-COLOR-250.pdf\">FICHA T\u00c9CNICA I COLOR 250<\/a><\/p>\n<div style=\"width: 854px;\" class=\"wp-video\"><video class=\"wp-video-shortcode\" id=\"video-5009-1\" width=\"854\" height=\"480\" preload=\"metadata\" controls=\"controls\"><source type=\"video\/mp4\" src=\"http:\/\/printdepot-ca.com\/wp-content\/uploads\/2024\/04\/I-COLOR-250-1.mp4?_=1\" \/><a href=\"http:\/\/printdepot-ca.com\/wp-content\/uploads\/2024\/04\/I-COLOR-250-1.mp4\">http:\/\/printdepot-ca.com\/wp-content\/uploads\/2024\/04\/I-COLOR-250-1.mp4<\/a><\/video><\/div>\n","protected":false},"excerpt":{"rendered":"<p>La impresora de etiquetas a base de tinta + cortadora integrada, la soluci\u00f3n todo en uno m\u00e1s econ\u00f3mica del mercado actual.<\/p>\n<p>Tama\u00f1o de escritorio, a todo color, cortador incorporado y a todo vapor para una producci\u00f3n profesional de etiquetas en tiradas cortas como nunca antes lo hab\u00eda experimentado. UNINET\u00ae IColor\u2122 250 incluye el software IColor\u2122 CustomCUT\u2122, lo que significa que no solo corta etiquetas; los modelas en la forma deseada.<\/p>\n<p>Esta peque\u00f1a y poderosa cosa puede producir hasta 3000 etiquetas por d\u00eda.<\/p>\n<p>Imprime desde 0,5\u201d hasta 4,5\u201d de ancho. Corta de 0,5\u201d a 4,1\u201d de ancho con velocidades de hasta 4,5\u201d por segundo.<\/p>\n<p>Viene con capacidades magn\u00edficas y vers\u00e1tiles para Imprimir solo, Cortar solo o Imprimir y cortar.<\/p>\n<p>Equipado con un cartucho de tinta todo en uno de alta capacidad con cabezal de impresi\u00f3n incorporado (cian, magenta, amarillo, negro de proceso) para aplicaciones basadas en pigmentos y colorantes.<\/p>\n<p>Cambie su cartucho para diversas necesidades de impresi\u00f3n; desde un cartucho de tinta a base de colorantes para obtener colores impresionantes y vibrantes, etiquetas de alta calidad y m\u00e1s, hasta un cartucho de pigmento para obtener las etiquetas m\u00e1s duraderas y resistentes al agua.<\/p>\n","protected":false},"featured_media":5011,"template":"","meta":{"site-sidebar-layout":"default","site-content-layout":"","ast-site-content-layout":"default","site-content-style":"default","site-sidebar-style":"default","ast-global-header-display":"","ast-banner-title-visibility":"","ast-main-header-display":"","ast-hfb-above-header-display":"","ast-hfb-below-header-display":"","ast-hfb-mobile-header-display":"","site-post-title":"","ast-breadcrumbs-content":"","ast-featured-img":"","footer-sml-layout":"","ast-disable-related-posts":"","theme-transparent-header-meta":"default","adv-header-id-meta":"","stick-header-meta":"","header-above-stick-meta":"","header-main-stick-meta":"","header-below-stick-meta":"","astra-migrate-meta-layouts":"set","ast-page-background-enabled":"default","ast-page-background-meta":{"desktop":{"background-color":"var(--ast-global-color-4)","background-image":"","background-repeat":"repeat","background-position":"center center","background-size":"auto","background-attachment":"scroll","background-type":"","background-media":"","overlay-type":"","overlay-color":"","overlay-opacity":"","overlay-gradient":""},"tablet":{"background-color":"","background-image":"","background-repeat":"repeat","background-position":"center center","background-size":"auto","background-attachment":"scroll","background-type":"","background-media":"","overlay-type":"","overlay-color":"","overlay-opacity":"","overlay-gradient":""},"mobile":{"background-color":"","background-image":"","background-repeat":"repeat","background-position":"center center","background-size":"auto","background-attachment":"scroll","background-type":"","background-media":"","overlay-type":"","overlay-color":"","overlay-opacity":"","overlay-gradient":""}},"ast-content-background-meta":{"desktop":{"background-color":"var(--ast-global-color-5)","background-image":"","background-repeat":"repeat","background-position":"center center","background-size":"auto","background-attachment":"scroll","background-type":"","background-media":"","overlay-type":"","overlay-color":"","overlay-opacity":"","overlay-gradient":""},"tablet":{"background-color":"var(--ast-global-color-5)","background-image":"","background-repeat":"repeat","background-position":"center center","background-size":"auto","background-attachment":"scroll","background-type":"","background-media":"","overlay-type":"","overlay-color":"","overlay-opacity":"","overlay-gradient":""},"mobile":{"background-color":"var(--ast-global-color-5)","background-image":"","background-repeat":"repeat","background-position":"center center","background-size":"auto","background-attachment":"scroll","background-type":"","background-media":"","overlay-type":"","overlay-color":"","overlay-opacity":"","overlay-gradient":""}}},"product_brand":[],"product_cat":[244],"product_tag":[],"class_list":{"0":"post-5009","1":"product","2":"type-product","3":"status-publish","4":"has-post-thumbnail","6":"product_cat-impresora-de-etiquetas-full-color","7":"desktop-align-left","8":"tablet-align-left","9":"mobile-align-left","11":"first","12":"instock","13":"shipping-taxable","14":"product-type-simple"},"_links":{"self":[{"href":"https:\/\/printdepot-ca.com\/index.php?rest_route=\/wp\/v2\/product\/5009","targetHints":{"allow":["GET"]}}],"collection":[{"href":"https:\/\/printdepot-ca.com\/index.php?rest_route=\/wp\/v2\/product"}],"about":[{"href":"https:\/\/printdepot-ca.com\/index.php?rest_route=\/wp\/v2\/types\/product"}],"wp:featuredmedia":[{"embeddable":true,"href":"https:\/\/printdepot-ca.com\/index.php?rest_route=\/wp\/v2\/media\/5011"}],"wp:attachment":[{"href":"https:\/\/printdepot-ca.com\/index.php?rest_route=%2Fwp%2Fv2%2Fmedia&parent=5009"}],"wp:term":[{"taxonomy":"product_brand","embeddable":true,"href":"https:\/\/printdepot-ca.com\/index.php?rest_route=%2Fwp%2Fv2%2Fproduct_brand&post=5009"},{"taxonomy":"product_cat","embeddable":true,"href":"https:\/\/printdepot-ca.com\/index.php?rest_route=%2Fwp%2Fv2%2Fproduct_cat&post=5009"},{"taxonomy":"product_tag","embeddable":true,"href":"https:\/\/printdepot-ca.com\/index.php?rest_route=%2Fwp%2Fv2%2Fproduct_tag&post=5009"}],"curies":[{"name":"wp","href":"https:\/\/api.w.org\/{rel}","templated":true}]}}